{"id":96,"date":"2024-02-29T09:32:53","date_gmt":"2024-02-29T09:32:53","guid":{"rendered":"https:\/\/zid.ifzg.hr\/?page_id=96"},"modified":"2026-01-21T14:10:41","modified_gmt":"2026-01-21T14:10:41","slug":"aktivnosti","status":"publish","type":"page","link":"https:\/\/zid.ifzg.hr\/index.php\/aktivnosti\/","title":{"rendered":"Aktivnosti"},"content":{"rendered":"\n<p class=\"has-text-align-center has-large-font-size\"><a href=\"http:\/\/zid.ifzg.hr\" data-type=\"link\" data-id=\"zid.ifzg.hr\">Znanost i ideologija danas. <br>Ekologizam, primitivizam i seksualnost<\/a><\/p>\n\n\n\n<div class=\"wp-block-buttons is-content-justification-center is-layout-flex wp-container-core-buttons-is-layout-a89b3969 wp-block-buttons-is-layout-flex\">\n<div class=\"wp-block-button\"><a class=\"wp-block-button__link wp-element-button\" href=\"https:\/\/zid.ifzg.hr\/index.php\/o_projektu\/\">O projektu<\/a><\/div>\n\n\n\n<div class=\"wp-block-button\"><a class=\"wp-block-button__link wp-element-button\" href=\"https:\/\/zid.ifzg.hr\/index.php\/clanovi\/\">\u010clanovi<\/a><\/div>\n\n\n\n<div class=\"wp-block-button\"><a class=\"wp-block-button__link wp-element-button\" href=\"https:\/\/zid.ifzg.hr\/index.php\/publikacije\/\">Publikacije<\/a><\/div>\n\n\n\n<div class=\"wp-block-button\"><a class=\"wp-block-button__link wp-element-button\" href=\"https:\/\/zid.ifzg.hr\/index.php\/aktivnosti\/\">Aktivnosti<\/a><\/div>\n\n\n\n<div class=\"wp-block-button\"><a class=\"wp-block-button__link wp-element-button\" href=\"https:\/\/zid.ifzg.hr\/index.php\/fotografije\/\">Fotografije<\/a><\/div>\n\n\n\n<div class=\"wp-block-button\"><a class=\"wp-block-button__link wp-element-button\" href=\"https:\/\/zid.ifzg.hr\/index.php\/kontakt\/\">Kontakt<\/a><\/div>\n<\/div>\n\n\n\n<p class=\"has-large-font-size\">Aktivnosti<\/p>\n\n\n\n<p>Roberto Bond\u00ec, \u201cQuando la Terra parla. Dinamiche vitali e consapevolezza ecologica\u201d, za konferenciju <em>Il risveglio di Encelado. Un\u2019indagine transdisciplinare sul rischio e il disastro ecologico<\/em> (17-19 prosinca 2025.), Palazzo della Sapienza, Pisa, Italija, 17. prosinca 2025.<\/p>\n\n\n\n<p>Martino Rossi Monti, \u201cSapiential Primitivism: Traces of Ancestral Wisdom in 20th Century Thought\u201d, Institut za filozofiju, Zagreb, Hrvatska, 15. prosinca 2025.<\/p>\n\n\n\n<p>Darko Pol\u0161ek, \u201cO prednostima nazatka? (nepo\u010de\u0161ljana razmi\u0161ljanja)\u201d, Filozofski fakultet, Zagreb, Hrvatska, 14. studenoga 2025.<\/p>\n\n\n\n<p>Martino Rossi Monti, sudjelovanje na trodnevnom seminaru na temu &#8220;Paranoja, ideologija, <em>folie \u00e0 plusieurs<\/em>&#8220;, u organizaciji \u010dasopisa <em>Il corpo<\/em>&nbsp;u dvorcu kod Rocca Sinibalde (Rieti, Italija), 26.\u201328. rujna 2025.<\/p>\n\n\n\n<p>Martino Rossi Monti, \u201cPaolo Rossi: povjesni\u010dar znanosti i ideja\u201c, Galerija Kupola&nbsp;Gradske knji\u017enice, Zagreb, Croatia, 27. lipnja &nbsp;2025. (organizator Centar za prou\u010davanje odnosa znanosti i religije&nbsp;\u2013 CePOZiR).<\/p>\n\n\n\n<p>Martino Rossi Monti, \u201cNostalgie. &nbsp;Il primitivismo fra destra, sinistra e antropologia\u201d, za online konferenciju <em>L\u2019antropologia al tempo della destra,<\/em> <em>ovvero la \u201ccultura di destra\u201d<\/em>, Sveu\u010dili\u0161te u Milanu, Italija, 25. svibnja 2025.<\/p>\n\n\n\n<p>Roberto Bond\u00ed, \u201cHolism Between Science and Ideology\u201d, za simpozij <em>Holism: A Methodology or an Ideology?<\/em>, Inter University Center (28. travnja \u2013 2. svibnja 2025.), Dubrovnik, Hrvatska, 30. travnja 2025.<\/p>\n\n\n\n<p>Roberto Gronda, \u201cHolistic Choices: Weighing Scientific and Indigenous Knowledge\u201d, za simpozij <em>Holism: A Methodology or an Ideology?<\/em>, Inter University Center (28. travnja \u2013 2. svibnja 2025.), Dubrovnik, Hrvatska, 30. travnja 2025.<\/p>\n\n\n\n<p>Darko Pol\u0161ek, \u201cDemarcation Problem in the Age of a \u2018Triage Epistemology\u201d, za simpozij <em>Holism: A Methodology or an Ideology?<\/em>, Inter University Center (28. travnja \u2013 2. svibnja 2025.), Dubrovnik, Hrvatska, 29. travnja 2025.<\/p>\n\n\n\n<p>Martino Rossi Monti, \u201cPrimitivism, Holism, and Indigenous Knowledge\u201d, za simpozij <em>Holism: A Methodology or an Ideology?<\/em>, Inter University Center (28. travnja \u2013 2. svibnja 2025.), Dubrovnik, Hrvatska, 30. travnja 2025.<\/p>\n\n\n\n<p>Martino Rossi Monti, \u201cMagia e civilt\u00e0 moderna: il confronto con Eugenio Garin e Paolo Rossi\u201d, za konferenciju <em>Laboratorio Ernesto de Martino: <\/em><em>Magia e civilt\u00e0, ieri e oggi<\/em>, Istituto Italiano per gli Studi Filosofici, Napulj, Italija, 19. o\u017eujka 2025.<\/p>\n\n\n\n<p>Fabio Dei, \u201cIl cattivo ritorno della magia\u201d, za konferenciju <em>Laboratorio Ernesto de Martino: <\/em><em>Magia e civilt\u00e0, ieri e oggi<\/em>, Istituto Italiano per gli Studi Filosofici, Napulj, Italija, 19. o\u017eujka 2025.<\/p>\n\n\n\n<p>Roberto Gronda, &#8220;A Clash of Epistemic Standpoints: On the Relationship between Citizens and Scientific Experts&#8221;, Filozofski fakultet, Zagreb, 5. studeni 2024.<\/p>\n\n\n\n<p>Roberto Gronda, &#8220;History as a Science or What? Some Remarks on the Aims and Values of a Human Science&#8221;, Institut za filozofiju, Zagreb, 4. studenoga 2024.<\/p>\n\n\n\n<p>Fabio Dei, &#8220;Antropologia e progresso&#8221;, za konferenciju <em>Un mondo diverso dove la conoscenza scientifica e umanistica \u00e8 consapevolezza civile<\/em>, Scuola dell&#8217;infanzia, Lucca, Italija, 28. rujna 2024.<\/p>\n\n\n\n<p>Roberto Bond\u00ec (with Filippomaria Pontani<strong>),<\/strong> &#8220;Abbracciare Dafne, Attorno a Gaia: due libri sull&#8217;ambiente e l&#8217;antichit\u00e0 greco-latina&#8221;, za <em>Pordenonelegge<\/em>, PalaPAFFI, Pordenone, Italija, 19. rujna 2024.<\/p>\n\n\n\n<p>Martino Rossi Monti, <em>Povratak kulturnog o\u010daja?<\/em>, Znanstveni kolokvij&nbsp;&#8220;Konzervativizam: teorija i povijest jedne ideje&#8221;, Filozofski fakultet, Zagreb, 8. svibnja 2024.<\/p>\n\n\n\n<p>Martino Rossi Monti, <em>Il fascino della catastrofe. Intellettuali e pessimismo culturale<\/em>, Odsjek za talijanistiku, Filozofski fakultet, Rijeka, 16. travnja 2024.<\/p>\n\n\n\n<p>Martino Rossi Monti,<em> Intellettuali e pessimismo culturale: il caso della pandemia<\/em>, za ciklus seminara &#8220;Pagine di storia 2024\/1&#8221; (vodio Prof. Angelo Ventrone), Odjel za politi\u010dke znanosti, komunikacije i me\u0111unarodne odnose, Sveu\u010dili\u0161te u Macerati, Macerata, Italija, 25. o\u017eujka 2024. (online sudjelovanje).<\/p>\n\n\n\n<p>Fabio Dei, <em>Cospirazioni, complotti e l&#8217;avvento dell\u2019apocalisse: dal passato a oggi. Terrorismo, fantascienza e teoria critica<\/em>, za ciklus seminara &#8220;Pagine di storia 2024\/1&#8221; (vodio Prof. Angelo Ventrone), Odjel za politi\u010dke znanosti, komunikacije i me\u0111unarodne odnose, Sveu\u010dili\u0161te u Macerati, Macerata, Italija, 25. o\u017eujka 2024.<\/p>\n\n\n\n<p>Martino Rossi Monti, Darko Pol\u0161ek,&nbsp;<em>Predstavljanje projekta &#8220;Znanost i ideologija danas. Ekologizam, primitivizam i seksualnost&#8221;<\/em>, Institut za filozofiju, Zagreb, 12. o\u017eujka 2024.<\/p>\n","protected":false},"excerpt":{"rendered":"<p>Znanost i ideologija danas. Ekologizam, primitivizam i seksualnost Aktivnosti Roberto Bond\u00ec, \u201cQuando la Terra parla. Dinamiche vitali e consapevolezza ecologica\u201d, za konferenciju Il risveglio di Encelado. Un\u2019indagine transdisciplinare sul rischio e il disastro ecologico (17-19 prosinca 2025.), Palazzo della Sapienza, Pisa, Italija, 17. prosinca 2025. Martino Rossi Monti, \u201cSapiential Primitivism: Traces of Ancestral Wisdom in [&hellip;]<\/p>\n","protected":false},"author":3,"featured_media":0,"parent":0,"menu_order":0,"comment_status":"closed","ping_status":"closed","template":"page-no-title","meta":{"footnotes":""},"class_list":["post-96","page","type-page","status-publish","hentry"],"_links":{"self":[{"href":"https:\/\/zid.ifzg.hr\/index.php\/wp-json\/wp\/v2\/pages\/96","targetHints":{"allow":["GET"]}}],"collection":[{"href":"https:\/\/zid.ifzg.hr\/index.php\/wp-json\/wp\/v2\/pages"}],"about":[{"href":"https:\/\/zid.ifzg.hr\/index.php\/wp-json\/wp\/v2\/types\/page"}],"author":[{"embeddable":true,"href":"https:\/\/zid.ifzg.hr\/index.php\/wp-json\/wp\/v2\/users\/3"}],"replies":[{"embeddable":true,"href":"https:\/\/zid.ifzg.hr\/index.php\/wp-json\/wp\/v2\/comments?post=96"}],"version-history":[{"count":19,"href":"https:\/\/zid.ifzg.hr\/index.php\/wp-json\/wp\/v2\/pages\/96\/revisions"}],"predecessor-version":[{"id":305,"href":"https:\/\/zid.ifzg.hr\/index.php\/wp-json\/wp\/v2\/pages\/96\/revisions\/305"}],"wp:attachment":[{"href":"https:\/\/zid.ifzg.hr\/index.php\/wp-json\/wp\/v2\/media?parent=96"}],"curies":[{"name":"wp","href":"https:\/\/api.w.org\/{rel}","templated":true}]}}