{"id":84,"date":"2024-02-29T09:29:38","date_gmt":"2024-02-29T09:29:38","guid":{"rendered":"https:\/\/zid.ifzg.hr\/?page_id=84"},"modified":"2025-05-16T10:11:51","modified_gmt":"2025-05-16T10:11:51","slug":"clanovi","status":"publish","type":"page","link":"https:\/\/zid.ifzg.hr\/index.php\/clanovi\/","title":{"rendered":"\u010clanovi"},"content":{"rendered":"\n<p class=\"has-text-align-center has-large-font-size\"><a href=\"http:\/\/zid.ifzg.hr\" data-type=\"link\" data-id=\"zid.ifzg.hr\">Znanost i ideologija danas. <br>Ekologizam, primitivizam i seksualnost<\/a><\/p>\n\n\n\n<div class=\"wp-block-buttons is-content-justification-center is-layout-flex wp-container-core-buttons-is-layout-a89b3969 wp-block-buttons-is-layout-flex\">\n<div class=\"wp-block-button\"><a class=\"wp-block-button__link wp-element-button\" href=\"https:\/\/zid.ifzg.hr\/index.php\/o_projektu\/\">O projektu<\/a><\/div>\n\n\n\n<div class=\"wp-block-button\"><a class=\"wp-block-button__link wp-element-button\" href=\"https:\/\/zid.ifzg.hr\/index.php\/clanovi\/\">\u010clanovi<\/a><\/div>\n\n\n\n<div class=\"wp-block-button\"><a class=\"wp-block-button__link wp-element-button\" href=\"https:\/\/zid.ifzg.hr\/index.php\/publikacije\/\">Publikacije<\/a><\/div>\n\n\n\n<div class=\"wp-block-button\"><a class=\"wp-block-button__link wp-element-button\" href=\"https:\/\/zid.ifzg.hr\/index.php\/aktivnosti\/\">Aktivnosti<\/a><\/div>\n\n\n\n<div class=\"wp-block-button\"><a class=\"wp-block-button__link wp-element-button\" href=\"https:\/\/zid.ifzg.hr\/index.php\/fotografije\/\">Fotografije<\/a><\/div>\n\n\n\n<div class=\"wp-block-button\"><a class=\"wp-block-button__link wp-element-button\" href=\"https:\/\/zid.ifzg.hr\/index.php\/kontakt\/\">Kontakt<\/a><\/div>\n<\/div>\n\n\n\n<p class=\"has-large-font-size\">\u010clanovi<\/p>\n\n\n\n<p><strong><a href=\"https:\/\/www.ifzg.hr\/ustroj\/svi_zaposlenici_instituta_za_filozofiju\/rossi_monti-zivotopis\/\" data-type=\"link\" data-id=\"https:\/\/www.ifzg.hr\/djelatnici\/rossi_monti-zivotopis\/\" target=\"_blank\" rel=\"noreferrer noopener\">Martino Rossi Mont<\/a><a href=\"https:\/\/www.ifzg.hr\/djelatnici\/rossi_monti-bibliografija\/\" data-type=\"link\" data-id=\"https:\/\/www.ifzg.hr\/djelatnici\/rossi_monti-bibliografija\/\" target=\"_blank\" rel=\"noreferrer noopener\">i<\/a><\/strong> je voditelj projekta i znanstveni suradnik na Institutu za filozofiju u Zagrebu, Hrvatska. Njegovi istra\u017eiva\u010dki interesi obuhva\u0107aju kulturni pesimizam, problem zla, patnje i nasilja u povijesti ideja, renesansnu filozofiju i platonisti\u010dku tradiciju. Tim temama posvetio je nekoliko eseja, jednu knjigu te pet ure\u0111enih i suure\u0111enih zbirki.<\/p>\n\n\n\n<p><strong><a href=\"https:\/\/www2.unical.it\/portale\/strutture\/dipartimenti_240\/dsu\/bacheca\/bondi\/\" target=\"_blank\" rel=\"noreferrer noopener\">Roberto Bond\u00ec<\/a><\/strong>&nbsp;je izvanredni profesor povijesti filozofije na Sveu\u010dili\u0161tu u Kalabriji, Italija. On je jedan od vode\u0107ih stru\u010dnjaka za misao Bernardina Telesija i tako\u0111er se bavio Platoncima iz Cambridgea i mi\u0161lju Henryja Morea. Osim \u0161to se bavio odnosima izme\u0111u filozofije, teologije i znanosti u ranoj modernosti, provodio je duboka istra\u017eivanja o misli Jamesa Lovelocka, zanimaju\u0107i se za znanstvenu i filozofsku raspravu o hipotezi Gaia. Na tu temu je objavio tri knjige, pri \u010demu se posljednja odnosi na mjesto teorije Gaia u povijesti koncepta Zemlje kao \u017eivog bi\u0107a.<\/p>\n\n\n\n<p><strong><a href=\"https:\/\/unimap.unipi.it\/cercapersone\/dettaglio.php?ri=5808&amp;template=dettaglio.tpl\" target=\"_blank\" rel=\"noreferrer noopener\">Fabio Dei<\/a><\/strong> je izvanredni profesor kulturne antropologije na Sveu\u010dili\u0161tu u Pisi, Italija. Njegov znanstveni rad usmjeren je na sljede\u0107e glavne teme: 1) epistemologija i povijest antropolo\u0161kih studija. U ovom podru\u010dju napisao je nekoliko eseja i knjiga; 2) popularna kultura i masovna kultura. Ovo podru\u010dje istra\u017eivanja polazi od problema istra\u017eivanja uloge popularne i narodne kulture u suvremenom talijanskom i europskom dru\u0161tvu; 3) antropologija nasilja. Ovo podru\u010dje istra\u017eivanja istra\u017euje mogu\u0107nost antropolo\u0161kog razumijevanja masovnog nasilja i genocida u suvremenoj povijesti; 4) medicinska antropologija. Na ovom podru\u010dju analizirao je alternativnu i komplementarnu medicinu i terapije New Age u Toskani, \u0161irenje magije na televizijskim emitiranjima te odnos izme\u0111u slu\u017ebene, alternativne i popularne medicine u Toskani.<\/p>\n\n\n\n<p><a href=\"https:\/\/www.cfs.unipi.it\/dipartimento\/persone\/?p=roberto-gronda\" target=\"_blank\" rel=\"noreferrer noopener\"><strong>Roberto Gronda<\/strong> <\/a>je docent na Sveu\u010dili\u0161tu u Pisi, Italija. Njegova istra\u017eiva\u010dka podru\u010dja obuhva\u0107aju filozofiju znanosti, filozofiju dru\u0161tvenih i humanisti\u010dkih znanosti, filozofiju znanstvene kompetencije i pragmatizam. Autor je dvije monografije o mi\u0161ljenju Johna Deweya i brojnih eseja i poglavlja u talijanskim i me\u0111unarodnim \u010dasopisima i zbirkama.<\/p>\n\n\n\n<p><strong><a href=\"https:\/\/theta.ffzg.hr\/ECTS\/Osoba\/Index\/4744\" target=\"_blank\" rel=\"noreferrer noopener\">Darko Pol\u0161ek<\/a> <\/strong>je redoviti profesor antropologije na Sveu\u010dili\u0161tu u Zagrebu. Bavi se sociobiologijom, socijalnom filozofijom, sociologijom znanosti, epistemologijom i filozofijom znanosti te propitivanjem i kritikom politi\u010dkih fenomena i doktrina. Sudjelovao je u mnogim me\u0111unarodnim istra\u017eiva\u010dkim projektima i objavio brojne radove i knjige na ovim podru\u010djima. Osim toga, ima iskustvo u visokom obrazovanju i sura\u0111uje s medijima, pi\u0161u\u0107i kolumne i \u010dlanke na teme iz sociologije i znanosti.<\/p>\n\n\n\n<p><strong><a href=\"https:\/\/docenti.unisa.it\/056995\/home\" target=\"_blank\" rel=\"noreferrer noopener\">Federico Scarpelli<\/a><\/strong> je znanstveni suradnik na Sveu\u010dili\u0161tu u Salernu, Italija. Njegovo znanstveno djelovanje obuhva\u0107a teoretsko-epistemolo\u0161ku produkciju s jedne strane i istra\u017eiva\u010dki rad u Italiji, usmjeren prvenstveno na odnos izme\u0111u kulturne ba\u0161tine i teritorijalnog identiteta te na podru\u010dje tzv. &#8220;urbane antropologije&#8221;. \u0160to se ti\u010de prou\u010davanja epistemologije dru\u0161tvenih znanosti, bavio se &#8220;dru\u0161tvenom ontologijom&#8221; Johna Searlea s gledi\u0161ta kulturne antropologije. Tako\u0111er, nedavno se bavio tzv. &#8220;ontolo\u0161kim obratom&#8221;, utjecajnom teorijskom perspektivom koja se kre\u0107e izme\u0111u antropologije i filozofije.<\/p>\n","protected":false},"excerpt":{"rendered":"<p>Znanost i ideologija danas. Ekologizam, primitivizam i seksualnost \u010clanovi Martino Rossi Monti je voditelj projekta i znanstveni suradnik na Institutu za filozofiju u Zagrebu, Hrvatska. Njegovi istra\u017eiva\u010dki interesi obuhva\u0107aju kulturni pesimizam, problem zla, patnje i nasilja u povijesti ideja, renesansnu filozofiju i platonisti\u010dku tradiciju. Tim temama posvetio je nekoliko eseja, jednu knjigu te pet ure\u0111enih [&hellip;]<\/p>\n","protected":false},"author":3,"featured_media":0,"parent":0,"menu_order":0,"comment_status":"closed","ping_status":"closed","template":"page-no-title","meta":{"footnotes":""},"class_list":["post-84","page","type-page","status-publish","hentry"],"_links":{"self":[{"href":"https:\/\/zid.ifzg.hr\/index.php\/wp-json\/wp\/v2\/pages\/84","targetHints":{"allow":["GET"]}}],"collection":[{"href":"https:\/\/zid.ifzg.hr\/index.php\/wp-json\/wp\/v2\/pages"}],"about":[{"href":"https:\/\/zid.ifzg.hr\/index.php\/wp-json\/wp\/v2\/types\/page"}],"author":[{"embeddable":true,"href":"https:\/\/zid.ifzg.hr\/index.php\/wp-json\/wp\/v2\/users\/3"}],"replies":[{"embeddable":true,"href":"https:\/\/zid.ifzg.hr\/index.php\/wp-json\/wp\/v2\/comments?post=84"}],"version-history":[{"count":12,"href":"https:\/\/zid.ifzg.hr\/index.php\/wp-json\/wp\/v2\/pages\/84\/revisions"}],"predecessor-version":[{"id":258,"href":"https:\/\/zid.ifzg.hr\/index.php\/wp-json\/wp\/v2\/pages\/84\/revisions\/258"}],"wp:attachment":[{"href":"https:\/\/zid.ifzg.hr\/index.php\/wp-json\/wp\/v2\/media?parent=84"}],"curies":[{"name":"wp","href":"https:\/\/api.w.org\/{rel}","templated":true}]}}