{"id":81,"date":"2024-02-29T09:28:06","date_gmt":"2024-02-29T09:28:06","guid":{"rendered":"https:\/\/zid.ifzg.hr\/?page_id=81"},"modified":"2025-05-16T10:11:29","modified_gmt":"2025-05-16T10:11:29","slug":"o_projektu","status":"publish","type":"page","link":"https:\/\/zid.ifzg.hr\/index.php\/o_projektu\/","title":{"rendered":"O projektu"},"content":{"rendered":"\n<p class=\"has-text-align-center has-large-font-size\"><a href=\"http:\/\/zid.ifzg.hr\" data-type=\"link\" data-id=\"zid.ifzg.hr\">Znanost i ideologija danas. <br>Ekologizam, primitivizam i seksualnost<\/a><\/p>\n\n\n\n<div class=\"wp-block-buttons is-content-justification-center is-layout-flex wp-container-core-buttons-is-layout-a89b3969 wp-block-buttons-is-layout-flex\">\n<div class=\"wp-block-button\"><a class=\"wp-block-button__link wp-element-button\" href=\"https:\/\/zid.ifzg.hr\/index.php\/o_projektu\/\">O projektu<\/a><\/div>\n\n\n\n<div class=\"wp-block-button\"><a class=\"wp-block-button__link wp-element-button\" href=\"https:\/\/zid.ifzg.hr\/index.php\/clanovi\/\">\u010clanovi<\/a><\/div>\n\n\n\n<div class=\"wp-block-button\"><a class=\"wp-block-button__link wp-element-button\" href=\"https:\/\/zid.ifzg.hr\/index.php\/publikacije\/\">Publikacije<\/a><\/div>\n\n\n\n<div class=\"wp-block-button\"><a class=\"wp-block-button__link wp-element-button\" href=\"https:\/\/zid.ifzg.hr\/index.php\/aktivnosti\/\">Aktivnosti<\/a><\/div>\n\n\n\n<div class=\"wp-block-button\"><a class=\"wp-block-button__link wp-element-button\" href=\"https:\/\/zid.ifzg.hr\/index.php\/fotografije\/\">Fotografije<\/a><\/div>\n\n\n\n<div class=\"wp-block-button\"><a class=\"wp-block-button__link wp-element-button\" href=\"https:\/\/zid.ifzg.hr\/index.php\/kontakt\/\">Kontakt<\/a><\/div>\n<\/div>\n\n\n\n<p class=\"has-large-font-size\">O projektu<\/p>\n\n\n\n<p>Ovo istra\u017eivanje ima za cilj mapirati i kriti\u010dki analizirati \u2013 iz interdisciplinarne perspektive \u2013 aspekte aktualnog odnosa izme\u0111u znanosti i ideologije usredoto\u010duju\u0107i se na tri studije slu\u010daja: <\/p>\n\n\n\n<p>(1) odnosi izme\u0111u ideja i glavnih struja ekologizma i s druge strane uloge hipoteze &#8220;Gaia&#8221; u unutarnjem znanstvenom razgovoru biologije i znanosti o klimi. Ovo \u0107e tako\u0111er uklju\u010divati dva paralelna ispitivanja: jedno \u0107e se usredoto\u010diti na \u0161irenje, povijesni kontekst i nedavne promjene u strujama mi\u0161ljenja koje karakteriziraju stavovi &#8220;kulturnog pesimizma&#8221; i neprijateljstva prema modernoj znanosti, modernosti ili \u010dak \u010dovje\u010danstvu op\u0107enito (antihumanizam); drugo \u0107e se baviti razvojem relativisti\u010dkih koncepata znanja i znanstvene istine u podru\u010dju sociologije i filozofije znanosti;<\/p>\n\n\n\n<p>(2) problematika \u0161irenja ili obnove &#8220;primitivizma&#8221; i &#8220;indigenizma&#8221; u humanisti\u010dkim i dru\u0161tvenim znanostima te njihov odnos prema znanstvenim spoznajama (od ekologije do medicine);<\/p>\n\n\n\n<p>(3) rasprave o biolo\u0161kom spolu, o rodnom identitetu i \u201ebinarizmu\u201c u brojnim aspektima javnog \u017eivota i na podru\u010dju dru\u0161tvenih i prirodnih znanosti. <\/p>\n\n\n\n<p>Kombinacija povijesnih, filozofskih, sociolo\u0161kih i antropolo\u0161kih perspektiva omogu\u0107ava dubinsku analizu tema i rasprava koje bi ina\u010de bile obilje\u017eene vi\u0161e ili manje stro\u017eim stavovima, brzopletim analizama ili briljantnim, ali povremenim polemi\u010dkim intervencijama. Ovaj sveobuhvatan, interdisciplinarni pristup omogu\u0107uje bolje razumijevanje tih tema i rasprava kako u njihovom povijesnom nastanku i razvoju tako i u njihovim teorijskim, dru\u0161tvenim i kulturnim implikacijama.<\/p>\n\n\n\n<p class=\"has-text-color has-link-color has-small-font-size wp-elements-aff66f7ed79360453a39e97c6f2a950f\" style=\"color:#f6070f\">Projekt se provodi na Institutu za filozofiju u Zagrebu u razdoblju 2024\u20132027., prati ga Ministarstvo znanosti i obrazovanja Republike Hrvatske te se financira sredstvima iz Nacionalnog plana oporavka i otpornosti Europske Unije \u2013 NextGenerationEU.<\/p>\n","protected":false},"excerpt":{"rendered":"<p>Znanost i ideologija danas. Ekologizam, primitivizam i seksualnost O projektu Ovo istra\u017eivanje ima za cilj mapirati i kriti\u010dki analizirati \u2013 iz interdisciplinarne perspektive \u2013 aspekte aktualnog odnosa izme\u0111u znanosti i ideologije usredoto\u010duju\u0107i se na tri studije slu\u010daja: (1) odnosi izme\u0111u ideja i glavnih struja ekologizma i s druge strane uloge hipoteze &#8220;Gaia&#8221; u unutarnjem znanstvenom [&hellip;]<\/p>\n","protected":false},"author":3,"featured_media":0,"parent":0,"menu_order":0,"comment_status":"closed","ping_status":"closed","template":"page-no-title","meta":{"footnotes":""},"class_list":["post-81","page","type-page","status-publish","hentry"],"_links":{"self":[{"href":"https:\/\/zid.ifzg.hr\/index.php\/wp-json\/wp\/v2\/pages\/81","targetHints":{"allow":["GET"]}}],"collection":[{"href":"https:\/\/zid.ifzg.hr\/index.php\/wp-json\/wp\/v2\/pages"}],"about":[{"href":"https:\/\/zid.ifzg.hr\/index.php\/wp-json\/wp\/v2\/types\/page"}],"author":[{"embeddable":true,"href":"https:\/\/zid.ifzg.hr\/index.php\/wp-json\/wp\/v2\/users\/3"}],"replies":[{"embeddable":true,"href":"https:\/\/zid.ifzg.hr\/index.php\/wp-json\/wp\/v2\/comments?post=81"}],"version-history":[{"count":13,"href":"https:\/\/zid.ifzg.hr\/index.php\/wp-json\/wp\/v2\/pages\/81\/revisions"}],"predecessor-version":[{"id":257,"href":"https:\/\/zid.ifzg.hr\/index.php\/wp-json\/wp\/v2\/pages\/81\/revisions\/257"}],"wp:attachment":[{"href":"https:\/\/zid.ifzg.hr\/index.php\/wp-json\/wp\/v2\/media?parent=81"}],"curies":[{"name":"wp","href":"https:\/\/api.w.org\/{rel}","templated":true}]}}