{"id":52,"date":"2024-02-29T08:53:44","date_gmt":"2024-02-29T08:53:44","guid":{"rendered":"https:\/\/zid.ifzg.hr\/?page_id=52"},"modified":"2026-01-21T14:11:13","modified_gmt":"2026-01-21T14:11:13","slug":"activities","status":"publish","type":"page","link":"https:\/\/zid.ifzg.hr\/index.php\/activities\/","title":{"rendered":"Activities"},"content":{"rendered":"\n<p class=\"has-text-align-center has-large-font-size\"><a href=\"https:\/\/zid.ifzg.hr\/\" data-type=\"page\" data-id=\"2\">Science and Ideology Today. <\/a><br><a href=\"https:\/\/zid.ifzg.hr\/\" data-type=\"page\" data-id=\"2\">Environmentalism, Primitivism, and Sexuality<\/a><\/p>\n\n\n\n<div class=\"wp-block-buttons is-content-justification-center is-layout-flex wp-container-core-buttons-is-layout-a89b3969 wp-block-buttons-is-layout-flex\">\n<div class=\"wp-block-button\"><a class=\"wp-block-button__link wp-element-button\" href=\"https:\/\/zid.ifzg.hr\/index.php\/about_the_project\/\">About the project<\/a><\/div>\n\n\n\n<div class=\"wp-block-button\"><a class=\"wp-block-button__link wp-element-button\" href=\"https:\/\/zid.ifzg.hr\/index.php\/members\/\">Members<\/a><\/div>\n\n\n\n<div class=\"wp-block-button\"><a class=\"wp-block-button__link wp-element-button\" href=\"https:\/\/zid.ifzg.hr\/index.php\/publications\/\">Publications<\/a><\/div>\n\n\n\n<div class=\"wp-block-button\"><a class=\"wp-block-button__link wp-element-button\" href=\"https:\/\/zid.ifzg.hr\/index.php\/activities\/\">Activities<\/a><\/div>\n\n\n\n<div class=\"wp-block-button\"><a class=\"wp-block-button__link wp-element-button\" href=\"https:\/\/zid.ifzg.hr\/index.php\/photos\/\">Photos<\/a><\/div>\n\n\n\n<div class=\"wp-block-button\"><a class=\"wp-block-button__link wp-element-button\" href=\"https:\/\/zid.ifzg.hr\/index.php\/contact\/\">Contact<\/a><\/div>\n<\/div>\n\n\n\n<p class=\"has-large-font-size\">Activities<\/p>\n\n\n\n<p>Roberto Bond\u00ec, \u201cQuando la Terra parla. Dinamiche vitali e consapevolezza ecologica\u201d, for the conference <em>Il risveglio di Encelado. Un\u2019indagine transdisciplinare sul rischio e il disastro ecologico<\/em> (17-19 prosinca 2025.), Palazzo della Sapienza, Pisa, Italy, December 17, 2025.<\/p>\n\n\n\n<p>Martino Rossi Monti, \u201cSapiential Primitivism: Traces of Ancestral Wisdom in 20th Century Thought\u201d, Institute of Philosophy, Zagreb, Croatia, December 15, 2025.<\/p>\n\n\n\n<p>Darko Pol\u0161ek, \u201cO prednostima nazatka? (nepo\u010de\u0161ljana razmi\u0161ljanja)\u201d, Faculty of Humanities and Social Sciences, University of Zagreb, Zagreb, Croatia, November 14, 2025.<\/p>\n\n\n\n<p>Martino Rossi Monti, participation in a three-day seminar on the topic &#8220;Paranoia, ideology, <em>folie \u00e0 plusieurs<\/em>&#8220;, organized by the journal <em>Il corpo <\/em>at the castle of Rocca Sinibalda (Rieti, Italy), September 26-28, 2025.<\/p>\n\n\n\n<p>Martino Rossi Monti, \u201cPaolo Rossi: povjesni\u010dar znanosti i ideja\u201c [Paolo Rossi: historian of science and ideas], Galerija Kupola&nbsp;Gradske knji\u017enice, Zagreb, Croatia, June 27, 2025 (organized by Centar za prou\u010davanje odnosa znanosti i religije&nbsp;\u2013 CePOZiR).<\/p>\n\n\n\n<p>Martino Rossi Monti, \u201cNostalgie. &nbsp;Il primitivismo fra destra, sinistra e antropologia\u201d, for the &nbsp;online conference <em>L\u2019antropologia al tempo della destra,<\/em> <em>ovvero la \u201ccultura di destra\u201d<\/em>, University of Milan, Italy, May 25, 2025.<\/p>\n\n\n\n<p>Roberto Bond\u00ed, \u201cHolism Between Science and Ideology\u201d, for the symposium <em>Holism: A Methodology or an Ideology?<\/em>, Inter University Center (28 April \u2013 2 May 2025), Dubrovnik, Croatia, April 30, 2025.<\/p>\n\n\n\n<p>Roberto Gronda, \u201cHolistic Choices: Weighing Scientific and Indigenous Knowledge\u201d, for the symposium <em>Holism: A Methodology or an Ideology?<\/em>, Inter University Center (28 April \u2013 2 May 2025), Dubrovnik, Croatia, April 30, 2025.<\/p>\n\n\n\n<p>Darko Pol\u0161ek, \u201cDemarcation Problem in the Age of a \u2018Triage Epistemology\u201d, for the symposium <em>Holism: A Methodology or an Ideology?<\/em>, Inter University Center (28 April \u2013 2 May 2025), Dubrovnik, Croatia, April 29, 2025.<\/p>\n\n\n\n<p>Martino Rossi Monti, \u201cPrimitivism, Holism, and Indigenous Knowledge\u201d, for the symposium <em>Holism: A Methodology or an Ideology?<\/em>, Inter University Center (28 April \u2013 2 May 2025), Dubrovnik, Croatia, April 30, 2025.<\/p>\n\n\n\n<p>Martino Rossi Monti, \u201cMagia e civilt\u00e0 moderna: il confronto con Eugenio Garin e Paolo Rossi\u201d, for the conference <em>Laboratorio Ernesto de Martino: <\/em><em>Magia e civilt\u00e0, ieri e oggi<\/em>, Istituto Italiano per gli Studi Filosofici, Naples, Italy, March 19, 2025.<\/p>\n\n\n\n<p>Fabio Dei, \u201cIl cattivo ritorno della magia\u201d, for the conference <em>Laboratorio Ernesto de Martino: <\/em><em>Magia e civilt\u00e0, ieri e oggi<\/em>, Istituto Italiano per gli Studi Filosofici, Naples, Italy, March 19, 2025.<\/p>\n\n\n\n<p>Roberto Gronda, &#8220;A Clash of Epistemic Standpoints: On the Relationship between Citizens and Scientific Experts&#8221;, Faculty of Humanities and Social Sciences, University of Zagreb, Zagreb, November 5, 2024.<\/p>\n\n\n\n<p>Roberto Gronda, &#8220;History as a Science or What? Some Remarks on the Aims and Values of a Human Science&#8221;, Institute of Philosophy, Zagreb, November 4, 2024.<\/p>\n\n\n\n<p>Fabio Dei, &#8220;Antropologia e progresso&#8221;, for the conference&nbsp;<em>Un mondo diverso dove la conoscenza scientifica e umanistica \u00e8 consapevolezza civile<\/em>, Scuola dell&#8217;infanzia, Lucca, Italija, September 28,&nbsp;2024.<\/p>\n\n\n\n<p>Roberto Bond\u00ec (with Filippomaria Pontani<strong>),<\/strong> &#8220;Abbracciare Dafne, Attorno a Gaia: due libri sull&#8217;ambiente e l&#8217;antichit\u00e0 greco-latina&#8221;, for <em>Pordenonelegge<\/em>, PalaPAFFI, Pordenone, Italy, September 19, 2024.<\/p>\n\n\n\n<p>Martino Rossi Monti, <em>Povratak kulturnog o\u010daja?<\/em> [&#8220;The Return of Cultural Despair?&#8221;], for the scientific colloquium &#8220;Konzervativizam: teorija i povijest jedne ideje&#8221;, Faculty of Humanities and Social Sciences, University of Zagreb, 8. May 2024.<\/p>\n\n\n\n<p>Martino Rossi Monti, <em>Il fascino della catastrofe. Intellettuali e pessimismo culturale<\/em>, Department of Italian Studies, University of Rijeka, 16 April 2024.<\/p>\n\n\n\n<p>Martino Rossi Monti, <em>Intellettuali e pessimismo culturale: il caso della pandemia<\/em>, for the seminar cycle &#8220;Pagine di storia 2024\/1&#8221; (led by Prof. Angelo Ventrone), Department of Political Sciences, Communication and International Relations, University of Macerata, Macerata, Italy, 25 March 2024 (online participation).<\/p>\n\n\n\n<p>Fabio Dei, <em>Cospirazioni, complotti e l&#8217;avvento dell&#8217;apocalisse: dal passato a oggi. Terrorismo, fantascienza e teoria critica, <\/em>for the seminar cycle<em> <\/em>&#8220;Pagine di storia 2024\/1&#8221; (led by Prof. Angelo Ventrone), Department of Political Sciences, Communication and International Relations, University of Macerata, Macerata, Italy, 25 March 2024.<\/p>\n\n\n\n<p>Martino Rossi Monti, Darko Pol\u0161ek, <em>Project Presentation: &#8220;Science and Ideology Today- Environmentalism, Primitivism, and Sexuality&#8221;<\/em>, Institute of Philosophy, Zagreb, 12 March 2024.<\/p>\n\n\n\n<p><br><\/p>\n","protected":false},"excerpt":{"rendered":"<p>Science and Ideology Today. Environmentalism, Primitivism, and Sexuality Activities Roberto Bond\u00ec, \u201cQuando la Terra parla. Dinamiche vitali e consapevolezza ecologica\u201d, for the conference Il risveglio di Encelado. Un\u2019indagine transdisciplinare sul rischio e il disastro ecologico (17-19 prosinca 2025.), Palazzo della Sapienza, Pisa, Italy, December 17, 2025. Martino Rossi Monti, \u201cSapiential Primitivism: Traces of Ancestral Wisdom [&hellip;]<\/p>\n","protected":false},"author":3,"featured_media":0,"parent":0,"menu_order":0,"comment_status":"closed","ping_status":"closed","template":"page-no-title","meta":{"footnotes":""},"class_list":["post-52","page","type-page","status-publish","hentry"],"_links":{"self":[{"href":"https:\/\/zid.ifzg.hr\/index.php\/wp-json\/wp\/v2\/pages\/52","targetHints":{"allow":["GET"]}}],"collection":[{"href":"https:\/\/zid.ifzg.hr\/index.php\/wp-json\/wp\/v2\/pages"}],"about":[{"href":"https:\/\/zid.ifzg.hr\/index.php\/wp-json\/wp\/v2\/types\/page"}],"author":[{"embeddable":true,"href":"https:\/\/zid.ifzg.hr\/index.php\/wp-json\/wp\/v2\/users\/3"}],"replies":[{"embeddable":true,"href":"https:\/\/zid.ifzg.hr\/index.php\/wp-json\/wp\/v2\/comments?post=52"}],"version-history":[{"count":23,"href":"https:\/\/zid.ifzg.hr\/index.php\/wp-json\/wp\/v2\/pages\/52\/revisions"}],"predecessor-version":[{"id":306,"href":"https:\/\/zid.ifzg.hr\/index.php\/wp-json\/wp\/v2\/pages\/52\/revisions\/306"}],"wp:attachment":[{"href":"https:\/\/zid.ifzg.hr\/index.php\/wp-json\/wp\/v2\/media?parent=52"}],"curies":[{"name":"wp","href":"https:\/\/api.w.org\/{rel}","templated":true}]}}